{"id":1718,"date":"2025-09-23T15:32:25","date_gmt":"2025-09-23T15:32:25","guid":{"rendered":"https:\/\/ainokallio.com\/home\/"},"modified":"2025-12-08T19:13:37","modified_gmt":"2025-12-08T16:13:37","slug":"home","status":"publish","type":"page","link":"https:\/\/ainokallio.com\/en\/","title":{"rendered":"Etusivu"},"content":{"rendered":"<div class=\"wp-block-uagb-advanced-heading uagb-block-29f69694\"><h1 class=\"uagb-heading-text\"><strong>AINO KALLIO<\/strong><\/h1><\/div>\n\n\n\n<div class=\"wp-block-uagb-advanced-heading uagb-block-814baa23\"><\/div>\n\n\n\n<div class=\"wp-block-group alignwide has-background is-layout-flow wp-block-group-is-layout-flow\" style=\"background-color:#f2f0e9;padding-top:var(--wp--preset--spacing--50);padding-right:var(--wp--preset--spacing--50);padding-bottom:var(--wp--preset--spacing--50);padding-left:var(--wp--preset--spacing--50)\">\n<div class=\"wp-block-uagb-container uagb-block-29c026b2 alignfull uagb-is-root-container\"><div class=\"uagb-container-inner-blocks-wrap\"><\/div><\/div>\n\n\n\n\t\t\t<div class=\"wp-block-uagb-post-grid uagb-post-grid  uagb-post__image-position-top uagb-post__image-enabled uagb-block-f59c426d     uagb-post__items uagb-post__columns-3 is-grid uagb-post__columns-tablet-2 uagb-post__columns-mobile-1 uagb-post__equal-height\" data-total=\"1\" style=\"\">\n\n\t\t\t\t\t\t\t\t\t\t\t\t<article class=\"uagb-post__inner-wrap\">\t\t\t\t\t\t\t\t<div class='uagb-post__image'>\n\t\t\t\t\t\t\t\t\t<a href=\"https:\/\/ainokallio.com\/en\/my-go-to-ways-to-get-more-off-the-beaten-track-while-traveling\/\" target=\"_self\" rel=\"bookmark noopener noreferrer\" class='uagb-image-ratio-inherit'><img loading=\"lazy\" decoding=\"async\" width=\"1024\" height=\"768\" src=\"https:\/\/ainokallio.com\/wp-content\/uploads\/2025\/09\/IMG_6943-1024x768.jpg\" class=\"attachment-large size-large\" alt=\"ihminen katsoo ulos teltasta luontoon\" srcset=\"https:\/\/ainokallio.com\/wp-content\/uploads\/2025\/09\/IMG_6943-1024x768.jpg 1024w, https:\/\/ainokallio.com\/wp-content\/uploads\/2025\/09\/IMG_6943-300x225.jpg 300w, https:\/\/ainokallio.com\/wp-content\/uploads\/2025\/09\/IMG_6943-768x576.jpg 768w, https:\/\/ainokallio.com\/wp-content\/uploads\/2025\/09\/IMG_6943-1536x1152.jpg 1536w, https:\/\/ainokallio.com\/wp-content\/uploads\/2025\/09\/IMG_6943-2048x1536.jpg 2048w, https:\/\/ainokallio.com\/wp-content\/uploads\/2025\/09\/IMG_6943-16x12.jpg 16w\" sizes=\"auto, (max-width: 1024px) 100vw, 1024px\" title=\"Etusivu\">\t\t\t\t\t<\/a>\n\t\t\t\t\t\t\t<\/div>\n\t\t\t\t\t\t<h4 class=\"uagb-post__title uagb-post__text\">\n\t\t\t\t<a href=\"https:\/\/ainokallio.com\/en\/my-go-to-ways-to-get-more-off-the-beaten-track-while-traveling\/\" target=\"_self\" rel=\"bookmark noopener noreferrer\">Keskikes\u00e4n yksinvaellus Muotkatunturin er\u00e4maassa<\/a>\n\t\t\t<\/h4>\n\t\t\t\t\t\t<div class='uagb-post__text uagb-post-grid-byline'>\n\t\t\t\t\t\t\t\t<span class=\"uagb-post__author\">\n\t\t\t\t\t\t\t\t\t<a href=\"https:\/\/ainokallio.com\/en\/author\/aino\/\" title=\"Posts by Aino Kallio\" rel=\"author\">Aino Kallio<\/a>\t\t\t\t<\/span>\n\t\t\t\t\t\t\t<time datetime=\"2025-09-23T15:32:34+03:00\" class=\"uagb-post__date\">\n\t\t\t\t\t\t\t\t\t23.9.2025\t\t\t\t<\/time>\n\t\t\t\t\t\t<\/div>\n\t\t\t\t\t\t\t<div class='uagb-post__text uagb-post__excerpt'>\n\t\t\t\t\t<p>Tulossa!<\/p>\n\t\t\t\t<\/div>\n\t\t\t\t\t\t<div class=\"uagb-post__text uagb-post__cta wp-block-button\">\n\t\t\t\t<a class=\"wp-block-button__link uagb-text-link\" style=\"\" href=\"https:\/\/ainokallio.com\/en\/my-go-to-ways-to-get-more-off-the-beaten-track-while-traveling\/\" target=\"_self\" rel=\"bookmark noopener noreferrer\">Lue lis\u00e4\u00e4<\/a>\n\t\t\t<\/div>\n\t\t\t\n\t\t\t\t\t\t\t\t\t<\/article>\n\t\t\t\t\t\t\t\t\t\t\t\t\t<div class=\"uagb-post-pagination-wrap\">\n\t\t\t\t\t\t\t\t\t\t\t<\/div>\n\t\t\t\t\t\t\t\t<\/div>\n\t\t\t\n\n\n<div class=\"wp-block-columns is-layout-flex wp-container-core-columns-is-layout-28f84493 wp-block-columns-is-layout-flex\">\n<div class=\"wp-block-column is-layout-flow wp-block-column-is-layout-flow\"><\/div>\n\n\n\n<div class=\"wp-block-column is-layout-flow wp-block-column-is-layout-flow\"><\/div>\n<\/div>\n\n\n\n<div class=\"wp-block-uagb-container uagb-block-93d1de8c alignfull uagb-is-root-container\"><div class=\"uagb-container-inner-blocks-wrap\"><\/div><\/div>\n<\/div>\n\n\n\n<div class=\"wp-block-group alignwide has-background is-layout-flow wp-block-group-is-layout-flow\" style=\"background-color:#f2f0e9;padding-top:var(--wp--preset--spacing--50);padding-right:var(--wp--preset--spacing--50);padding-bottom:var(--wp--preset--spacing--50);padding-left:var(--wp--preset--spacing--50)\">\n<div class=\"wp-block-uagb-container uagb-block-8a7c1522 alignfull uagb-is-root-container\"><div class=\"uagb-container-inner-blocks-wrap\"><\/div><\/div>\n\n\n\n<div class=\"wp-block-columns is-layout-flex wp-container-core-columns-is-layout-28f84493 wp-block-columns-is-layout-flex\">\n<div class=\"wp-block-column is-layout-flow wp-block-column-is-layout-flow\">\n<figure class=\"wp-block-image alignleft size-full is-resized\"><img loading=\"lazy\" decoding=\"async\" width=\"768\" height=\"768\" src=\"https:\/\/ainokallio.com\/wp-content\/uploads\/2025\/09\/97061B40-12E0-4C2C-B31F-AD2AEF2876D2_1_105_c-edited.jpeg\" alt=\"97061b40 12e0 4c2c b31f ad2aef2876d2 1 105 c\" class=\"wp-image-2277\" style=\"width:601px;height:auto\" title=\"Etusivu\" srcset=\"https:\/\/ainokallio.com\/wp-content\/uploads\/2025\/09\/97061B40-12E0-4C2C-B31F-AD2AEF2876D2_1_105_c-edited.jpeg 768w, https:\/\/ainokallio.com\/wp-content\/uploads\/2025\/09\/97061B40-12E0-4C2C-B31F-AD2AEF2876D2_1_105_c-edited-300x300.jpeg 300w, https:\/\/ainokallio.com\/wp-content\/uploads\/2025\/09\/97061B40-12E0-4C2C-B31F-AD2AEF2876D2_1_105_c-edited-150x150.jpeg 150w, https:\/\/ainokallio.com\/wp-content\/uploads\/2025\/09\/97061B40-12E0-4C2C-B31F-AD2AEF2876D2_1_105_c-edited-12x12.jpeg 12w\" sizes=\"auto, (max-width: 768px) 100vw, 768px\" \/><\/figure>\n<\/div>\n\n\n\n<div class=\"wp-block-column is-layout-flow wp-block-column-is-layout-flow\">\n<p>Olen Aino Kallio, 27-vuotias vaeltaja ja retkitubettaja. Perustin YouTube-kanavani vuonna 2024, kun innostuin dokumentoimaan retki\u00e4ni Japanissa vaihto-opiskelijavuoteni aikana. Teen videoita niin pitkist\u00e4 vaelluksista yksin er\u00e4maassa kuin viikonlopun telttaretkist\u00e4 l\u00e4hikansallispuistoissa.<\/p>\n\n\n\n<p>T\u00e4\u00e4lt\u00e4 l\u00f6yd\u00e4t reittikuvauksia, kokemuksia ja vinkkej\u00e4 erilaisiin retkiin ja vaelluksiin naisn\u00e4k\u00f6kulmasta. Haluan kannustaa kaikkia toteuttamaan rohkeasti omia retkiunelmiaan ja seikkailemaan luonnossa. Tervetuloa mukaan!<\/p>\n\n\n\n<p>Ota yhteytt\u00e4 matalalla kynnyksell\u00e4: aino.ainokallio@gmail.com<br><\/p>\n<\/div>\n<\/div>\n<\/div>\n\n\n\n<div class=\"wp-block-uagb-container uagb-block-89f6517f alignfull uagb-is-root-container\"><div class=\"uagb-container-inner-blocks-wrap\"><\/div><\/div>\n\n\n\n<p><\/p>","protected":false},"excerpt":{"rendered":"<p>AINO KALLIO Olen Aino Kallio, 27-vuotias vaeltaja ja retkitubettaja. Perustin YouTube-kanavani vuonna 2024, kun innostuin dokumentoimaan retki\u00e4ni Japanissa vaihto-opiskelijavuoteni aikana. Teen videoita niin pitkist\u00e4 vaelluksista yksin er\u00e4maassa kuin viikonlopun telttaretkist\u00e4 l\u00e4hikansallispuistoissa. T\u00e4\u00e4lt\u00e4 l\u00f6yd\u00e4t reittikuvauksia, kokemuksia ja vinkkej\u00e4 erilaisiin retkiin ja vaelluksiin naisn\u00e4k\u00f6kulmasta. Haluan kannustaa kaikkia toteuttamaan rohkeasti omia retkiunelmiaan ja seikkailemaan luonnossa. Tervetuloa mukaan! Ota [&hellip;]<\/p>\n","protected":false},"author":1,"featured_media":0,"parent":0,"menu_order":0,"comment_status":"closed","ping_status":"closed","template":"","meta":{"_uag_custom_page_level_css":"","site-sidebar-layout":"no-sidebar","site-content-layout":"plain-container","ast-site-content-layout":"normal-width-container","site-content-style":"unboxed","site-sidebar-style":"unboxed","ast-global-header-display":"","ast-banner-title-visibility":"","ast-main-header-display":"","ast-hfb-above-header-display":"","ast-hfb-below-header-display":"","ast-hfb-mobile-header-display":"","site-post-title":"","ast-breadcrumbs-content":"","ast-featured-img":"disabled","footer-sml-layout":"","ast-disable-related-posts":"","theme-transparent-header-meta":"default","adv-header-id-meta":"","stick-header-meta":"","header-above-stick-meta":"","header-main-stick-meta":"","header-below-stick-meta":"","astra-migrate-meta-layouts":"set","ast-page-background-enabled":"default","ast-page-background-meta":{"desktop":{"background-color":"","background-image":"","background-repeat":"repeat","background-position":"center center","background-size":"auto","background-attachment":"scroll","background-type":"","background-media":"","overlay-type":"","overlay-color":"","overlay-opacity":"","overlay-gradient":""},"tablet":{"background-color":"","background-image":"","background-repeat":"repeat","background-position":"center center","background-size":"auto","background-attachment":"scroll","background-type":"","background-media":"","overlay-type":"","overlay-color":"","overlay-opacity":"","overlay-gradient":""},"mobile":{"background-color":"","background-image":"","background-repeat":"repeat","background-position":"center center","background-size":"auto","background-attachment":"scroll","background-type":"","background-media":"","overlay-type":"","overlay-color":"","overlay-opacity":"","overlay-gradient":""}},"ast-content-background-meta":{"desktop":{"background-color":"var(--ast-global-color-5)","background-image":"","background-repeat":"repeat","background-position":"center center","background-size":"auto","background-attachment":"scroll","background-type":"","background-media":"","overlay-type":"","overlay-color":"","overlay-opacity":"","overlay-gradient":""},"tablet":{"background-color":"var(--ast-global-color-5)","background-image":"","background-repeat":"repeat","background-position":"center center","background-size":"auto","background-attachment":"scroll","background-type":"","background-media":"","overlay-type":"","overlay-color":"","overlay-opacity":"","overlay-gradient":""},"mobile":{"background-color":"var(--ast-global-color-5)","background-image":"","background-repeat":"repeat","background-position":"center center","background-size":"auto","background-attachment":"scroll","background-type":"","background-media":"","overlay-type":"","overlay-color":"","overlay-opacity":"","overlay-gradient":""}},"footnotes":""},"class_list":["post-1718","page","type-page","status-publish","hentry"],"uagb_featured_image_src":{"full":false,"thumbnail":false,"medium":false,"medium_large":false,"large":false,"1536x1536":false,"2048x2048":false,"trp-custom-language-flag":false},"uagb_author_info":{"display_name":"Aino Kallio","author_link":"https:\/\/ainokallio.com\/en\/author\/aino\/"},"uagb_comment_info":0,"uagb_excerpt":"AINO KALLIO Olen Aino Kallio, 27-vuotias vaeltaja ja retkitubettaja. Perustin YouTube-kanavani vuonna 2024, kun innostuin dokumentoimaan retki\u00e4ni Japanissa vaihto-opiskelijavuoteni aikana. Teen videoita niin pitkist\u00e4 vaelluksista yksin er\u00e4maassa kuin viikonlopun telttaretkist\u00e4 l\u00e4hikansallispuistoissa. T\u00e4\u00e4lt\u00e4 l\u00f6yd\u00e4t reittikuvauksia, kokemuksia ja vinkkej\u00e4 erilaisiin retkiin ja vaelluksiin naisn\u00e4k\u00f6kulmasta. Haluan kannustaa kaikkia toteuttamaan rohkeasti omia retkiunelmiaan ja seikkailemaan luonnossa. Tervetuloa mukaan! Ota&hellip;","_links":{"self":[{"href":"https:\/\/ainokallio.com\/en\/wp-json\/wp\/v2\/pages\/1718","targetHints":{"allow":["GET"]}}],"collection":[{"href":"https:\/\/ainokallio.com\/en\/wp-json\/wp\/v2\/pages"}],"about":[{"href":"https:\/\/ainokallio.com\/en\/wp-json\/wp\/v2\/types\/page"}],"author":[{"embeddable":true,"href":"https:\/\/ainokallio.com\/en\/wp-json\/wp\/v2\/users\/1"}],"replies":[{"embeddable":true,"href":"https:\/\/ainokallio.com\/en\/wp-json\/wp\/v2\/comments?post=1718"}],"version-history":[{"count":33,"href":"https:\/\/ainokallio.com\/en\/wp-json\/wp\/v2\/pages\/1718\/revisions"}],"predecessor-version":[{"id":2365,"href":"https:\/\/ainokallio.com\/en\/wp-json\/wp\/v2\/pages\/1718\/revisions\/2365"}],"wp:attachment":[{"href":"https:\/\/ainokallio.com\/en\/wp-json\/wp\/v2\/media?parent=1718"}],"curies":[{"name":"wp","href":"https:\/\/api.w.org\/{rel}","templated":true}]}}